{"id":1569,"date":"2024-12-13T17:20:23","date_gmt":"2024-12-13T16:20:23","guid":{"rendered":"https:\/\/miprimeraletra.com\/?page_id=1569"},"modified":"2024-12-13T17:23:02","modified_gmt":"2024-12-13T16:23:02","slug":"mi-first-letter","status":"publish","type":"page","link":"https:\/\/miprimeraletra.com\/?page_id=1569","title":{"rendered":"Mi First Letter"},"content":{"rendered":"\t\t<div data-elementor-type=\"wp-page\" data-elementor-id=\"1569\" class=\"elementor elementor-1569\" data-elementor-post-type=\"page\">\n\t\t\t\t<div class=\"elementor-element elementor-element-a7e699f e-con-full e-flex e-con e-parent\" data-id=\"a7e699f\" data-element_type=\"container\" data-e-type=\"container\">\n\t\t\t\t<div class=\"elementor-element elementor-element-6967b34 elementor-widget elementor-widget-video\" data-id=\"6967b34\" data-element_type=\"widget\" data-e-type=\"widget\" data-settings=\"{&quot;video_type&quot;:&quot;vimeo&quot;}\" data-widget_type=\"video.default\">\n\t\t\t\t<div class=\"elementor-widget-container\">\n\t\t\t\t\t\t\t<div class=\"elementor-wrapper elementor-open-inline\">\n\t\t\t<iframe class=\"elementor-video-iframe\" allowfullscreen allow=\"clipboard-write\" title=\"Reproductor de v\u00eddeo vimeo\" src=\"https:\/\/player.vimeo.com\/video\/1038985792?color&amp;autopause=0&amp;loop=0&amp;muted=0&amp;title=1&amp;portrait=1&amp;byline=1#t=\"><\/iframe>\t\t<\/div>\n\t\t\t\t\t\t<\/div>\n\t\t\t\t<\/div>\n\t\t\t\t<\/div>\n\t\t<div class=\"elementor-element elementor-element-d6cf03e e-flex e-con-boxed e-con e-parent\" data-id=\"d6cf03e\" data-element_type=\"container\" data-e-type=\"container\">\n\t\t\t\t\t<div class=\"e-con-inner\">\n\t\t\t\t<div class=\"elementor-element elementor-element-3400635 elementor-tabs-alignment-center elementor-tabs-view-horizontal elementor-widget elementor-widget-tabs\" data-id=\"3400635\" data-element_type=\"widget\" data-e-type=\"widget\" data-widget_type=\"tabs.default\">\n\t\t\t\t<div class=\"elementor-widget-container\">\n\t\t\t\t\t\t\t<div class=\"elementor-tabs\">\n\t\t\t<div class=\"elementor-tabs-wrapper\" role=\"tablist\" >\n\t\t\t\t\t\t\t\t\t<div id=\"elementor-tab-title-5451\" class=\"elementor-tab-title elementor-tab-desktop-title\" aria-selected=\"true\" data-tab=\"1\" role=\"tab\" tabindex=\"0\" aria-controls=\"elementor-tab-content-5451\" aria-expanded=\"false\">DETALLES<\/div>\n\t\t\t\t\t\t\t\t\t<div id=\"elementor-tab-title-5452\" class=\"elementor-tab-title elementor-tab-desktop-title\" aria-selected=\"false\" data-tab=\"2\" role=\"tab\" tabindex=\"-1\" aria-controls=\"elementor-tab-content-5452\" aria-expanded=\"false\">VALORACI\u00d3N<\/div>\n\t\t\t\t\t\t\t\t\t<div id=\"elementor-tab-title-5453\" class=\"elementor-tab-title elementor-tab-desktop-title\" aria-selected=\"false\" data-tab=\"3\" role=\"tab\" tabindex=\"-1\" aria-controls=\"elementor-tab-content-5453\" aria-expanded=\"false\">REPRODUCIR EN TV<\/div>\n\t\t\t\t\t\t\t<\/div>\n\t\t\t<div class=\"elementor-tabs-content-wrapper\" role=\"tablist\" aria-orientation=\"vertical\">\n\t\t\t\t\t\t\t\t\t<div class=\"elementor-tab-title elementor-tab-mobile-title\" aria-selected=\"true\" data-tab=\"1\" role=\"tab\" tabindex=\"0\" aria-controls=\"elementor-tab-content-5451\" aria-expanded=\"false\">DETALLES<\/div>\n\t\t\t\t\t<div id=\"elementor-tab-content-5451\" class=\"elementor-tab-content elementor-clearfix\" data-tab=\"1\" role=\"tabpanel\" aria-labelledby=\"elementor-tab-title-5451\" tabindex=\"0\" hidden=\"false\"><p style=\"text-align: left;\"><b>Disfruta del documental como te mereces. Dir\u00edgete al icono de COFIGURACI\u00d3N\u00a0 y elige la calidad m\u00e1s alta (4K).<\/b><\/p><p style=\"text-align: left;\"><strong>T\u00edtulo original:<\/strong> Mi Primera Letra<br \/><strong>G\u00e9neros:<\/strong> Documental, Drama, Aventura<br \/><strong>Pa\u00eds:<\/strong> Espa\u00f1a<br \/><strong>Estreno:<\/strong> 21\/05\/2024<br \/><strong>Audio:<\/strong> Espa\u00f1ol<\/p><\/div>\n\t\t\t\t\t\t\t\t\t<div class=\"elementor-tab-title elementor-tab-mobile-title\" aria-selected=\"false\" data-tab=\"2\" role=\"tab\" tabindex=\"-1\" aria-controls=\"elementor-tab-content-5452\" aria-expanded=\"false\">VALORACI\u00d3N<\/div>\n\t\t\t\t\t<div id=\"elementor-tab-content-5452\" class=\"elementor-tab-content elementor-clearfix\" data-tab=\"2\" role=\"tabpanel\" aria-labelledby=\"elementor-tab-title-5452\" tabindex=\"0\" hidden=\"hidden\"><div class=\"shortcode-site-reviews-form\"><div class=\"glsr glsr-default\" id=\"glsr_nlxo1mda\" data-from=\"shortcode\" data-shortcode=\"site_reviews_form\"><div class=\"glsr-form-wrap\">\n    <form class=\"glsr-form glsr-review-form\" method=\"post\" enctype=\"multipart\/form-data\">\n        <input type=\"hidden\" name=\"site-reviews[_action]\" value=\"submit-review\" \/>\n<input type=\"hidden\" name=\"site-reviews[_nonce]\" value=\"5bba04492f\" \/>\n<input type=\"hidden\" name=\"site-reviews[_post_id]\" value=\"1569\" \/>\n<input type=\"hidden\" name=\"site-reviews[_referer]\" value=\"\" \/>\n<input type=\"hidden\" name=\"site-reviews[assigned_posts]\" value=\"\" \/>\n<input type=\"hidden\" name=\"site-reviews[assigned_terms]\" value=\"\" \/>\n<input type=\"hidden\" name=\"site-reviews[assigned_users]\" value=\"\" \/>\n<input type=\"hidden\" name=\"site-reviews[excluded]\" value=\"\" \/>\n<input type=\"hidden\" name=\"site-reviews[form_id]\" value=\"glsr_nlxo1mda\" \/>\n<input type=\"hidden\" name=\"site-reviews[form_signature]\" value=\"TCtLykOFCdYqnIztYynmdhYwCvnQla_fymFkJkkNYocFsnNnv2syVtBmtd7r8qkZzUQ2ZFSeWSCFjx9xG1EGiC4vTi86R08_ZR_fH8VJQMcB5ADq_jvMrHkzA8ZnBMmG4PiMfLyrBxYeZS2SUC0PzAwXkPzR5Wao9R4GK0XF4Ji4SdZQxxMPHWlfcPv8W7hJDwWwaKo27pQlM3Pn8vv15g2iQjA_L15tDz0zB_c29V2WFskGcZLX9iOSwdX7Jb3WF1LaRkZDfk53HUx4JwA3WvUpr46oTl14PVoTABHQX-0JVvz7ev6e-dbL1dHLxUAKynAQBKXahMHkWi5VkoAnL6g6oEQloWWzySCB2YnTpj3OQqchStX0U5J6kMEnUr5x05os7oTtyZIK-1FwaXVFfSJFIrAzkVSx6mVTECjsvp28tflm1xMvOi7pr94\" \/>\n<input type=\"hidden\" name=\"site-reviews[terms_exist]\" value=\"1\" \/>\n<div class=\"glsr-field\" style=\"display:none;\"><label for=\"site-reviews-b4738417-glsr_nlxo1mda\">Tu rese\u00f1a<\/label><input type=\"text\" class=\"glsr-input glsr-input-text\" id=\"site-reviews-b4738417-glsr_nlxo1mda\" name=\"site-reviews[b4738417]\" value=\"\" \/><\/div>\n<div class=\"glsr-field glsr-field-rating glsr-required\" data-field=\"rating\" data-type=\"rating\">\n    <label class=\"glsr-label\" for=\"glsr_nlxo1mda-rating\">\n    <span>Tu puntuaci\u00f3n global<\/span>\n<\/label>\n    <select class=\"browser-default disable-select glsr-select no-wrap no_wrap\" id=\"glsr_nlxo1mda-rating\" name=\"site-reviews[rating]\" required><option value=\"\">Seleccionar una puntuaci\u00f3n<\/option><option value=\"5\">5 estrellas<\/option><option value=\"4\">4 estrellas<\/option><option value=\"3\">3 estrellas<\/option><option value=\"2\">2 estrellas<\/option><option value=\"1\">1 estrella<\/option><\/select>\n    <div class=\"glsr-field-error\"><\/div>\n<\/div>\n<div class=\"glsr-field glsr-field-text glsr-required\" data-field=\"title\" data-type=\"text\">\n    <label class=\"glsr-label\" for=\"glsr_nlxo1mda-title\">\n    <span>T\u00edtulo de tu rese\u00f1a<\/span>\n<\/label>\n    <input type=\"text\" class=\"glsr-input glsr-input-text\" id=\"glsr_nlxo1mda-title\" name=\"site-reviews[title]\" required placeholder=\"Resume tu rese\u00f1a o resalta un detalle interesante\" value=\"\" \/>\n    <div class=\"glsr-field-error\"><\/div>\n<\/div>\n<div class=\"glsr-field glsr-field-textarea glsr-required\" data-field=\"content\" data-type=\"textarea\">\n    <label class=\"glsr-label\" for=\"glsr_nlxo1mda-content\">\n    <span>Tu rese\u00f1a<\/span>\n<\/label>\n    <textarea class=\"glsr-textarea\" id=\"glsr_nlxo1mda-content\" name=\"site-reviews[content]\" required placeholder=\"Comparte tu opini\u00f3n\" rows=\"5\"><\/textarea>\n    <div class=\"glsr-field-error\"><\/div>\n<\/div>\n<div class=\"glsr-field glsr-field-text glsr-required\" data-field=\"name\" data-type=\"text\">\n    <label class=\"glsr-label\" for=\"glsr_nlxo1mda-name\">\n    <span>Tu nombre<\/span>\n<\/label>\n    <input type=\"text\" class=\"glsr-input glsr-input-text\" id=\"glsr_nlxo1mda-name\" name=\"site-reviews[name]\" required placeholder=\"Dinos tu nombre\" value=\"\" \/>\n    <div class=\"glsr-field-error\"><\/div>\n<\/div>\n<div class=\"glsr-field glsr-field-email\" data-field=\"email\" data-type=\"email\">\n    <label class=\"glsr-label\" for=\"glsr_nlxo1mda-email\">\n    <span>Tu correo electr\u00f3nico<\/span>\n<\/label>\n    <input type=\"email\" class=\"glsr-input glsr-input-email\" id=\"glsr_nlxo1mda-email\" name=\"site-reviews[email]\" placeholder=\"Dinos tu email\" value=\"\" \/>\n    <div class=\"glsr-field-error\"><\/div>\n<\/div>\n<div class=\"glsr-field glsr-field-choice\" data-field=\"terms\" data-type=\"toggle\">\n    \n    <div class=\"glsr-field-subgroup\">\n        <span class=\"glsr-field-toggle\">\n    <span>\n        <span class=\"glsr-toggle\"><input type=\"checkbox\" class=\"glsr-input-toggle\" id=\"glsr_nlxo1mda-terms-1\" name=\"site-reviews[terms]\" value=\"1\" \/><span class=\"glsr-toggle-track\"><\/span><\/span>\n    <\/span>\n    <label for=\"glsr_nlxo1mda-terms-1\">Esta rese\u00f1a se basa en mi propia experiencia y es mi opini\u00f3n genuina.<\/label>\n<\/span>\n    <\/div>\n    <div class=\"glsr-field-error\"><\/div>\n<\/div>\n        <div class=\"glsr-form-message\">\n    \n<\/div>\n        <div data-field=\"submit-button\">\n    <div class=\"wp-block-buttons is-layout-flex\">\n        <div class=\"wp-block-button\">\n            <button type=\"submit\" class=\"glsr-button wp-block-button__link wp-element-button\" aria-busy=\"false\" data-loading=\"Enviando, por favor espera...\">Enviar una rese\u00f1a<\/button>\n        <\/div>\n    <\/div>\n<\/div><div class=\"glsr-captcha-holder\"><\/div>\n    <\/form>\n<\/div><\/div><\/div><\/div>\n\t\t\t\t\t\t\t\t\t<div class=\"elementor-tab-title elementor-tab-mobile-title\" aria-selected=\"false\" data-tab=\"3\" role=\"tab\" tabindex=\"-1\" aria-controls=\"elementor-tab-content-5453\" aria-expanded=\"false\">REPRODUCIR EN TV<\/div>\n\t\t\t\t\t<div id=\"elementor-tab-content-5453\" class=\"elementor-tab-content elementor-clearfix\" data-tab=\"3\" role=\"tabpanel\" aria-labelledby=\"elementor-tab-title-5453\" tabindex=\"0\" hidden=\"hidden\"><h1 title=\"\u00bfC\u00f3mo puedo transmitir videos a trav\u00e9s de AirPlay o Chromecast?\">\u00bfC\u00f3mo puedo transmitir videos a trav\u00e9s de AirPlay o Chromecast?<\/h1><p>Puedes transmitir videos a tu TV o dispositivo de TV equipado con Apple AirPlay o Google Chromecast mediante la aplicaci\u00f3n de Vimeo para iPhone, iPad o dispositivos m\u00f3viles Android.<\/p><p>En este art\u00edculo, aprender\u00e1s a transmitir videos con:\u00a0<\/p><ul><li><strong><a href=\"https:\/\/help.vimeo.com\/hc\/es\/articles\/12425990881041--C%C3%B3mo-puedo-transmitir-videos-a-trav%C3%A9s-de-AirPlay-o-Chromecast#h_01GFY8CJR8H1W9BVT2KG7D759J\" target=\"_self\">Apple AirPlay<\/a><\/strong><\/li><li><strong><a href=\"https:\/\/help.vimeo.com\/hc\/es\/articles\/12425990881041--C%C3%B3mo-puedo-transmitir-videos-a-trav%C3%A9s-de-AirPlay-o-Chromecast#h_01FRK98VJ6GTPXTDH2RD6HHD0D\" target=\"_self\">Google Chromecast\u00a0<\/a><\/strong><\/li><\/ul><h3>AirPlay<\/h3><p>Para reproducir un video en un Apple TV u otro dispositivo compatible con AirPlay mediante la aplicaci\u00f3n Vimeo para iOS, inicia la reproducci\u00f3n de un video dentro de la aplicaci\u00f3n iOS, toca el icono AirPlay y selecciona el dispositivo en el que deseas reproducir el video.<\/p><p><img fetchpriority=\"high\" decoding=\"async\" src=\"https:\/\/vimeosupport.zendesk.com\/hc\/article_attachments\/12433747960209\/image13.jpg\" alt=\"image13.jpg\" width=\"303\" height=\"340\" \/><\/p><p>Los espectadores tambi\u00e9n pueden ver los videos de AirPlay desde el navegador Safari en MacOS, iOS e iPadOS. Para ello, toca el icono de AirPlay en el reproductor de Vimeo y selecciona tu dispositivo preferido.<\/p><p>Encontrar\u00e1s m\u00e1s informaci\u00f3n sobre Apple AirPlay en los documentos de asistencia de Apple en\u00a0<span style=\"color: #999999;\"><strong><a style=\"color: #999999;\" href=\"https:\/\/support.apple.com\/en-us\/HT204289#iOS\" target=\"_blank\" rel=\"noopener\">Utiliza AirPlay para transmitir videos o duplicar la pantalla<\/a>.\u00a0<\/strong><\/span><\/p><h3>Chromecast<\/h3><p>Para transmitir un video a un dispositivo Google Chromecast o a un dispositivo con Chromecast incorporado,\u00a0 <b><a href=\"https:\/\/vimeo.com\/mouletv\/miprimeraletra?share=copy\">CLIC AQU\u00cd<\/a>\u00a0<\/b>\u00a0o copia el siguiente enlace: https:\/\/vimeo.com\/mouletv\/miprimeraletra?share=copy y empieza a reproducir un video en la aplicaci\u00f3n m\u00f3vil iOS o Android, toca el \u00edcono de Chromecast y selecciona tu dispositivo preferido.<\/p><p>\u00a0<\/p><p><img decoding=\"async\" src=\"https:\/\/vimeosupport.zendesk.com\/hc\/article_attachments\/12433716931601\/image1.jpg\" alt=\"image1.jpg\" width=\"325\" height=\"365\" \/><\/p><p>Actualmente, no admitimos la transmisi\u00f3n de videos desde el navegador web Chrome.<\/p><p>Puedes encontrar m\u00e1s informaci\u00f3n sobre Google Chromecast en Google en\u00a0<strong><a href=\"https:\/\/www.google.com\/chromecast\/built-in\/learn\/tv\/\" target=\"_blank\" rel=\"noopener\">Aprende a transmitir a tu TV<\/a><\/strong>.\u00a0<\/p><p><strong data-stringify-type=\"bold\">\u26a0\ufe0fNota<\/strong>: La configuraci\u00f3n predeterminada de Chromecast experimentar\u00e1 dificultades para reproducir listas de reproducci\u00f3n HLS en algunos dispositivos. Como alternativa, utiliza en su lugar la URL de la lista de reproducci\u00f3n A\/V DASH MPD.<\/p><\/div>\n\t\t\t\t\t\t\t<\/div>\n\t\t<\/div>\n\t\t\t\t\t\t<\/div>\n\t\t\t\t<\/div>\n\t\t\t\t\t<\/div>\n\t\t\t\t<\/div>\n\t\t\t\t<\/div>\n\t\t","protected":false},"excerpt":{"rendered":"<p>DETALLES VALORACI\u00d3N REPRODUCIR EN TV DETALLES Disfruta del documental como te mereces. Dir\u00edgete al icono de COFIGURACI\u00d3N\u00a0 y elige la calidad m\u00e1s alta (4K). T\u00edtulo original: Mi Primera LetraG\u00e9neros: Documental, Drama, AventuraPa\u00eds: Espa\u00f1aEstreno: 21\/05\/2024Audio: Espa\u00f1ol VALORACI\u00d3N Tu rese\u00f1a Tu puntuaci\u00f3n global Seleccionar una puntuaci\u00f3n5 estrellas4 estrellas3 estrellas2 estrellas1 estrella T\u00edtulo de tu rese\u00f1a Tu rese\u00f1a &#8230; <a title=\"Mi First Letter\" class=\"read-more\" href=\"https:\/\/miprimeraletra.com\/?page_id=1569\" aria-label=\"Leer m\u00e1s sobre Mi First Letter\">Leer m\u00e1s<\/a><\/p>\n","protected":false},"author":2,"featured_media":0,"parent":0,"menu_order":0,"comment_status":"closed","ping_status":"closed","template":"elementor_header_footer","meta":{"_glsr_average":0,"_glsr_ranking":0,"_glsr_reviews":0,"footnotes":""},"class_list":["post-1569","page","type-page","status-publish"],"_links":{"self":[{"href":"https:\/\/miprimeraletra.com\/index.php?rest_route=\/wp\/v2\/pages\/1569","targetHints":{"allow":["GET"]}}],"collection":[{"href":"https:\/\/miprimeraletra.com\/index.php?rest_route=\/wp\/v2\/pages"}],"about":[{"href":"https:\/\/miprimeraletra.com\/index.php?rest_route=\/wp\/v2\/types\/page"}],"author":[{"embeddable":true,"href":"https:\/\/miprimeraletra.com\/index.php?rest_route=\/wp\/v2\/users\/2"}],"replies":[{"embeddable":true,"href":"https:\/\/miprimeraletra.com\/index.php?rest_route=%2Fwp%2Fv2%2Fcomments&post=1569"}],"version-history":[{"count":10,"href":"https:\/\/miprimeraletra.com\/index.php?rest_route=\/wp\/v2\/pages\/1569\/revisions"}],"predecessor-version":[{"id":1582,"href":"https:\/\/miprimeraletra.com\/index.php?rest_route=\/wp\/v2\/pages\/1569\/revisions\/1582"}],"wp:attachment":[{"href":"https:\/\/miprimeraletra.com\/index.php?rest_route=%2Fwp%2Fv2%2Fmedia&parent=1569"}],"curies":[{"name":"wp","href":"https:\/\/api.w.org\/{rel}","templated":true}]}}