{"id":1639,"date":"2025-02-20T11:26:48","date_gmt":"2025-02-20T10:26:48","guid":{"rendered":"https:\/\/miprimeraletra.com\/?page_id=1639"},"modified":"2025-02-20T15:55:02","modified_gmt":"2025-02-20T14:55:02","slug":"divulgacion","status":"publish","type":"page","link":"https:\/\/miprimeraletra.com\/?page_id=1639","title":{"rendered":"Divulgaci\u00f3n"},"content":{"rendered":"\t\t<div data-elementor-type=\"wp-page\" data-elementor-id=\"1639\" class=\"elementor elementor-1639\" data-elementor-post-type=\"page\">\n\t\t\t\t<div class=\"elementor-element elementor-element-6e00305 e-con-full e-flex e-con e-parent\" data-id=\"6e00305\" data-element_type=\"container\" data-e-type=\"container\" data-settings=\"{&quot;background_background&quot;:&quot;slideshow&quot;,&quot;background_slideshow_gallery&quot;:[],&quot;background_slideshow_loop&quot;:&quot;yes&quot;,&quot;background_slideshow_slide_duration&quot;:5000,&quot;background_slideshow_slide_transition&quot;:&quot;fade&quot;,&quot;background_slideshow_transition_duration&quot;:500}\">\n\t\t\t\t<\/div>\n\t\t<div class=\"elementor-element elementor-element-dc748bf e-con-full e-flex e-con e-parent\" data-id=\"dc748bf\" data-element_type=\"container\" data-e-type=\"container\">\n\t\t<div class=\"elementor-element elementor-element-21657a0 e-con-full e-flex e-con e-child\" data-id=\"21657a0\" data-element_type=\"container\" data-e-type=\"container\">\n\t\t\t\t<div class=\"elementor-element elementor-element-aa8e010 elementor-widget elementor-widget-text-editor\" data-id=\"aa8e010\" data-element_type=\"widget\" data-e-type=\"widget\" data-widget_type=\"text-editor.default\">\n\t\t\t\t<div class=\"elementor-widget-container\">\n\t\t\t\t\t\t\t\t\t<p>https:\/\/ciudaddetarifaalminuto.com\/articulo\/destacados-inferior\/lleno-en-el-teatro-alameda-para-el-estreno-del-documental-mi-primera-letra\/<\/p>\t\t\t\t\t\t\t\t<\/div>\n\t\t\t\t<\/div>\n\t\t\t\t<\/div>\n\t\t<div class=\"elementor-element elementor-element-fe0bf48 e-con-full e-flex e-con e-child\" data-id=\"fe0bf48\" data-element_type=\"container\" data-e-type=\"container\">\n\t\t\t\t<div class=\"elementor-element elementor-element-c243cf9 elementor-widget elementor-widget-text-editor\" data-id=\"c243cf9\" data-element_type=\"widget\" data-e-type=\"widget\" data-widget_type=\"text-editor.default\">\n\t\t\t\t<div class=\"elementor-widget-container\">\n\t\t\t\t\t\t\t\t\t<p>https:\/\/ciudaddetarifaalminuto.com\/articulo\/destacados-inferior\/la-fundacion-made-in-tarifa-presenta-este-sabado-el-documental-mi-primera-letra\/?fbclid=IwZXh0bgNhZW0CMTEAAR0cmEDU2DEcp2oB-XVQuSjpBlBO5LyJkdrhbOxSwWIfdx5xr42LP53hhBk_aem_AeZ-M-sxxx22TvOQgj9JxW_4EICZ3Ye0qX9YJYApkonUa9NkM0Z9fGX30tOY3qoaOrCtamVE6fijyk5ZJXMn5cXk<\/p>\t\t\t\t\t\t\t\t<\/div>\n\t\t\t\t<\/div>\n\t\t\t\t<\/div>\n\t\t<div class=\"elementor-element elementor-element-187b698 e-con-full e-flex e-con e-child\" data-id=\"187b698\" data-element_type=\"container\" data-e-type=\"container\">\n\t\t\t\t<div class=\"elementor-element elementor-element-73d923b elementor-widget elementor-widget-text-editor\" data-id=\"73d923b\" data-element_type=\"widget\" data-e-type=\"widget\" data-widget_type=\"text-editor.default\">\n\t\t\t\t<div class=\"elementor-widget-container\">\n\t\t\t\t\t\t\t\t\t<p><img fetchpriority=\"high\" decoding=\"async\" class=\" wp-image-1841\" src=\"https:\/\/miprimeraletra.com\/wp-content\/uploads\/2025\/02\/madrif-1-300x245.jpeg\" alt=\"\" width=\"399\" height=\"325\" srcset=\"https:\/\/miprimeraletra.com\/wp-content\/uploads\/2025\/02\/madrif-1-300x245.jpeg 300w, https:\/\/miprimeraletra.com\/wp-content\/uploads\/2025\/02\/madrif-1.jpeg 640w\" sizes=\"(max-width: 399px) 100vw, 399px\" \/><\/p><h3 class=\"elementor-post__title\"><span style=\"color: #000000;\"><a style=\"color: #000000;\" href=\"https:\/\/www.themoule.com\/mi-primera-letra-gana-el-premio-a-mejor-mediometraje-en-el-madriff-festival-2024\/\">Mi Primera Letra gana el premio a mejor mediometraje en el MADRIFF Festival 2024<\/a><\/span><\/h3>\t\t\t\t\t\t\t\t<\/div>\n\t\t\t\t<\/div>\n\t\t\t\t<\/div>\n\t\t<div class=\"elementor-element elementor-element-61e0feb e-con-full e-flex e-con e-child\" data-id=\"61e0feb\" data-element_type=\"container\" data-e-type=\"container\">\n\t\t\t\t<div class=\"elementor-element elementor-element-4f63ddc elementor-widget elementor-widget-text-editor\" data-id=\"4f63ddc\" data-element_type=\"widget\" data-e-type=\"widget\" data-widget_type=\"text-editor.default\">\n\t\t\t\t<div class=\"elementor-widget-container\">\n\t\t\t\t\t\t\t\t\t<p><a href=\"https:\/\/cadenaser.com\/andalucia\/2024\/04\/23\/la-fundacion-made-in-tarifa-estrena-el-documental-mi-primera-letra-radio-algeciras\/\" target=\"_blank\" rel=\"noopener\"><img decoding=\"async\" class=\" wp-image-1837\" src=\"https:\/\/miprimeraletra.com\/wp-content\/uploads\/2025\/02\/MI-PRIMERA-LETRA-CADENA-SER-300x268.jpeg\" alt=\"CADENA SER\" width=\"350\" height=\"313\" srcset=\"https:\/\/miprimeraletra.com\/wp-content\/uploads\/2025\/02\/MI-PRIMERA-LETRA-CADENA-SER-300x268.jpeg 300w, https:\/\/miprimeraletra.com\/wp-content\/uploads\/2025\/02\/MI-PRIMERA-LETRA-CADENA-SER.jpeg 640w\" sizes=\"(max-width: 350px) 100vw, 350px\" \/><\/a><\/p><h3><span style=\"color: #000000;\"><a style=\"color: #000000;\" href=\"https:\/\/cadenaser.com\/andalucia\/2024\/04\/23\/la-fundacion-made-in-tarifa-estrena-el-documental-mi-primera-letra-radio-algeciras\/\">La fundaci\u00f3n Made In Tarifa estrena el documental \u00abMi primera letra\u00bb<\/a><\/span><\/h3>\t\t\t\t\t\t\t\t<\/div>\n\t\t\t\t<\/div>\n\t\t\t\t<\/div>\n\t\t\t\t<\/div>\n\t\t<div class=\"elementor-element elementor-element-87f1b5c e-con-full e-flex e-con e-parent\" data-id=\"87f1b5c\" data-element_type=\"container\" data-e-type=\"container\">\n\t\t<div class=\"elementor-element elementor-element-f07e893 e-con-full e-flex e-con e-child\" data-id=\"f07e893\" data-element_type=\"container\" data-e-type=\"container\">\n\t\t\t\t<div class=\"elementor-element elementor-element-cd4a237 elementor-widget elementor-widget-text-editor\" data-id=\"cd4a237\" data-element_type=\"widget\" data-e-type=\"widget\" data-widget_type=\"text-editor.default\">\n\t\t\t\t<div class=\"elementor-widget-container\">\n\t\t\t\t\t\t\t\t\t<p><blockquote class=\"wp-embedded-content\" data-secret=\"PhnrI2wUun\"><a href=\"https:\/\/www.imaginaradio.cat\/lamposti-xavi-drago-presenta-el-seu-documental-mi-primera-letra-2\/\">L\u2019ampost\u00ed Xavi Drago presenta el seu documental \u201cMi primera letra\u201d<\/a><\/blockquote><iframe class=\"wp-embedded-content\" sandbox=\"allow-scripts\" security=\"restricted\" style=\"position: absolute; visibility: hidden;\" title=\"&#8220;L\u2019ampost\u00ed Xavi Drago presenta el seu documental \u201cMi primera letra\u201d&#8221; &#8212; Imagina R\u00e0dio\" src=\"https:\/\/www.imaginaradio.cat\/lamposti-xavi-drago-presenta-el-seu-documental-mi-primera-letra-2\/embed\/#?secret=DhOXXAbbpO#?secret=PhnrI2wUun\" data-secret=\"PhnrI2wUun\" width=\"600\" height=\"338\" frameborder=\"0\" marginwidth=\"0\" marginheight=\"0\" scrolling=\"no\"><\/iframe><\/p>\t\t\t\t\t\t\t\t<\/div>\n\t\t\t\t<\/div>\n\t\t\t\t<\/div>\n\t\t<div class=\"elementor-element elementor-element-5c96d6c e-con-full e-flex e-con e-child\" data-id=\"5c96d6c\" data-element_type=\"container\" data-e-type=\"container\">\n\t\t\t\t<div class=\"elementor-element elementor-element-50efb94 elementor-widget elementor-widget-text-editor\" data-id=\"50efb94\" data-element_type=\"widget\" data-e-type=\"widget\" data-widget_type=\"text-editor.default\">\n\t\t\t\t<div class=\"elementor-widget-container\">\n\t\t\t\t\t\t\t\t\t<p>\u00a0<\/p><p><a href=\"https:\/\/www.themoule.com\/xavi-drago-nominado-a-mejor-director-en-madriff-festival\/\"><img decoding=\"async\" class=\"alignnone wp-image-1851 \" src=\"https:\/\/miprimeraletra.com\/wp-content\/uploads\/2025\/02\/xavi-drago-300x265.jpeg\" alt=\"\" width=\"417\" height=\"368\" srcset=\"https:\/\/miprimeraletra.com\/wp-content\/uploads\/2025\/02\/xavi-drago-300x265.jpeg 300w, https:\/\/miprimeraletra.com\/wp-content\/uploads\/2025\/02\/xavi-drago.jpeg 640w\" sizes=\"(max-width: 417px) 100vw, 417px\" \/><\/a><\/p><h3 class=\"elementor-heading-title elementor-size-default\"><a href=\"https:\/\/www.themoule.com\/xavi-drago-nominado-a-mejor-director-en-madriff-festival\/\" target=\"_blank\" rel=\"noopener\"><span style=\"color: #000000;\">Xavi Drago nominado a mejor director en MADRIFF Festival<\/span><\/a><\/h3>\t\t\t\t\t\t\t\t<\/div>\n\t\t\t\t<\/div>\n\t\t\t\t<\/div>\n\t\t<div class=\"elementor-element elementor-element-7fd7cd4 e-con-full e-flex e-con e-child\" data-id=\"7fd7cd4\" data-element_type=\"container\" data-e-type=\"container\">\n\t\t\t\t<div class=\"elementor-element elementor-element-3e252b1 elementor-widget elementor-widget-video\" data-id=\"3e252b1\" data-element_type=\"widget\" data-e-type=\"widget\" data-settings=\"{&quot;youtube_url&quot;:&quot;https:\\\/\\\/youtu.be\\\/Qy280yO2Cm8&quot;,&quot;video_type&quot;:&quot;youtube&quot;,&quot;controls&quot;:&quot;yes&quot;}\" data-widget_type=\"video.default\">\n\t\t\t\t<div class=\"elementor-widget-container\">\n\t\t\t\t\t\t\t<div class=\"elementor-wrapper elementor-open-inline\">\n\t\t\t<div class=\"elementor-video\"><\/div>\t\t<\/div>\n\t\t\t\t\t\t<\/div>\n\t\t\t\t<\/div>\n\t\t\t\t<\/div>\n\t\t<div class=\"elementor-element elementor-element-98b553a e-con-full e-flex e-con e-child\" data-id=\"98b553a\" data-element_type=\"container\" data-e-type=\"container\">\n\t\t\t\t<div class=\"elementor-element elementor-element-d2eaaff elementor-widget elementor-widget-text-editor\" data-id=\"d2eaaff\" data-element_type=\"widget\" data-e-type=\"widget\" data-widget_type=\"text-editor.default\">\n\t\t\t\t<div class=\"elementor-widget-container\">\n\t\t\t\t\t\t\t\t\t<p>https:\/\/ebredigital.cat\/2024\/05\/08\/el-proper-21-de-maig-sestrena-de-forma-oficial-el-documental-mi-primera-letra-dirigit-per-lamposti-xavi-drago-despres-dun-exit-absolut-a-cadis\/<\/p>\t\t\t\t\t\t\t\t<\/div>\n\t\t\t\t<\/div>\n\t\t\t\t<\/div>\n\t\t\t\t<\/div>\n\t\t<div class=\"elementor-element elementor-element-5e56407 e-con-full e-flex e-con e-parent\" data-id=\"5e56407\" data-element_type=\"container\" data-e-type=\"container\">\n\t\t<div class=\"elementor-element elementor-element-f93a0e1 e-con-full e-flex e-con e-child\" data-id=\"f93a0e1\" data-element_type=\"container\" data-e-type=\"container\">\n\t\t\t\t<div class=\"elementor-element elementor-element-8838349 elementor-widget elementor-widget-text-editor\" data-id=\"8838349\" data-element_type=\"widget\" data-e-type=\"widget\" data-widget_type=\"text-editor.default\">\n\t\t\t\t<div class=\"elementor-widget-container\">\n\t\t\t\t\t\t\t\t\t<p><a href=\"https:\/\/www.portaldecadiz.com\/mas-de-cadiz\/cultura\/104282-una-ventana-en-tarifa-a-la-educacion-de-los-intocables-en-india-con-mi-primera-letra\"><img loading=\"lazy\" decoding=\"async\" class=\" wp-image-1912\" src=\"https:\/\/miprimeraletra.com\/wp-content\/uploads\/2025\/02\/MPL-EURO-296x300.jpeg\" alt=\"\" width=\"403\" height=\"408\" srcset=\"https:\/\/miprimeraletra.com\/wp-content\/uploads\/2025\/02\/MPL-EURO-296x300.jpeg 296w, https:\/\/miprimeraletra.com\/wp-content\/uploads\/2025\/02\/MPL-EURO.jpeg 632w\" sizes=\"(max-width: 403px) 100vw, 403px\" \/><\/a><\/p>\t\t\t\t\t\t\t\t<\/div>\n\t\t\t\t<\/div>\n\t\t\t\t<\/div>\n\t\t<div class=\"elementor-element elementor-element-570f444 e-con-full e-flex e-con e-child\" data-id=\"570f444\" data-element_type=\"container\" data-e-type=\"container\">\n\t\t\t\t<div class=\"elementor-element elementor-element-4072253 elementor-widget elementor-widget-video\" data-id=\"4072253\" data-element_type=\"widget\" data-e-type=\"widget\" data-settings=\"{&quot;youtube_url&quot;:&quot;https:\\\/\\\/www.youtube.com\\\/watch?v=iZgZdC8Vl8Y&quot;,&quot;video_type&quot;:&quot;youtube&quot;,&quot;controls&quot;:&quot;yes&quot;}\" data-widget_type=\"video.default\">\n\t\t\t\t<div class=\"elementor-widget-container\">\n\t\t\t\t\t\t\t<div class=\"elementor-wrapper elementor-open-inline\">\n\t\t\t<div class=\"elementor-video\"><\/div>\t\t<\/div>\n\t\t\t\t\t\t<\/div>\n\t\t\t\t<\/div>\n\t\t\t\t<\/div>\n\t\t<div class=\"elementor-element elementor-element-5af2c38 e-con-full e-flex e-con e-child\" data-id=\"5af2c38\" data-element_type=\"container\" data-e-type=\"container\">\n\t\t\t\t<div class=\"elementor-element elementor-element-e9fdf74 elementor-widget elementor-widget-text-editor\" data-id=\"e9fdf74\" data-element_type=\"widget\" data-e-type=\"widget\" data-widget_type=\"text-editor.default\">\n\t\t\t\t<div class=\"elementor-widget-container\">\n\t\t\t\t\t\t\t\t\t<p><blockquote class=\"wp-embedded-content\" data-secret=\"HsY7b6gByg\"><a href=\"https:\/\/califavejer.com\/la-fundacion-made-in-tarifa-estrena-este-sabado-un-documental-solidario-con-la-colaboracion-del-califa\/\">La Fundaci\u00f3n Made in Tarifa estrena este s\u00e1bado un documental solidario con la colaboraci\u00f3n del Califa<\/a><\/blockquote><iframe class=\"wp-embedded-content\" sandbox=\"allow-scripts\" security=\"restricted\" style=\"position: absolute; visibility: hidden;\" title=\"\u00abLa Fundaci\u00f3n Made in Tarifa estrena este s\u00e1bado un documental solidario con la colaboraci\u00f3n del Califa\u00bb \u2014 Califa Vejer\" src=\"https:\/\/califavejer.com\/la-fundacion-made-in-tarifa-estrena-este-sabado-un-documental-solidario-con-la-colaboracion-del-califa\/embed\/#?secret=PHpgbW8a43#?secret=HsY7b6gByg\" data-secret=\"HsY7b6gByg\" width=\"600\" height=\"338\" frameborder=\"0\" marginwidth=\"0\" marginheight=\"0\" scrolling=\"no\"><\/iframe><\/p>\t\t\t\t\t\t\t\t<\/div>\n\t\t\t\t<\/div>\n\t\t\t\t<\/div>\n\t\t<div class=\"elementor-element elementor-element-68738ef e-con-full e-flex e-con e-child\" data-id=\"68738ef\" data-element_type=\"container\" data-e-type=\"container\">\n\t\t\t\t<div class=\"elementor-element elementor-element-23e1c35 elementor-widget elementor-widget-text-editor\" data-id=\"23e1c35\" data-element_type=\"widget\" data-e-type=\"widget\" data-widget_type=\"text-editor.default\">\n\t\t\t\t<div class=\"elementor-widget-container\">\n\t\t\t\t\t\t\t\t\t<p>https:\/\/setmanarilebre.cat\/el-21-de-maig-sestrena-el-documental-mi-primera-letra-dirigit-per-lamposti-xavi-drago\/#:~:text=El%2021%20de%20maig%20s&#8217;estrena%20el%20documental%20%E2%80%9CMi%20Primera,per%20l&#8217;ampost%C3%AD%20Xavi%20Drago&text=La%20preestrena%20del%20documental%2C%20que,de%20Happy%20Inside%2C%20Virg%C3%ADnia%20Toledo<\/p>\t\t\t\t\t\t\t\t<\/div>\n\t\t\t\t<\/div>\n\t\t\t\t<\/div>\n\t\t\t\t<\/div>\n\t\t<div class=\"elementor-element elementor-element-eca38c6 e-con-full e-flex e-con e-parent\" data-id=\"eca38c6\" data-element_type=\"container\" data-e-type=\"container\">\n\t\t<div class=\"elementor-element elementor-element-01ae06c e-con-full e-flex e-con e-child\" data-id=\"01ae06c\" data-element_type=\"container\" data-e-type=\"container\">\n\t\t\t\t<div class=\"elementor-element elementor-element-7e1aa93 elementor-widget elementor-widget-video\" data-id=\"7e1aa93\" data-element_type=\"widget\" data-e-type=\"widget\" data-settings=\"{&quot;youtube_url&quot;:&quot;https:\\\/\\\/youtu.be\\\/nQ5e1WuDgv4&quot;,&quot;video_type&quot;:&quot;youtube&quot;,&quot;controls&quot;:&quot;yes&quot;}\" data-widget_type=\"video.default\">\n\t\t\t\t<div class=\"elementor-widget-container\">\n\t\t\t\t\t\t\t<div class=\"elementor-wrapper elementor-open-inline\">\n\t\t\t<div class=\"elementor-video\"><\/div>\t\t<\/div>\n\t\t\t\t\t\t<\/div>\n\t\t\t\t<\/div>\n\t\t\t\t<\/div>\n\t\t<div class=\"elementor-element elementor-element-8143fc5 e-con-full e-flex e-con e-child\" data-id=\"8143fc5\" data-element_type=\"container\" data-e-type=\"container\">\n\t\t\t\t<div class=\"elementor-element elementor-element-45f195c elementor-widget elementor-widget-text-editor\" data-id=\"45f195c\" data-element_type=\"widget\" data-e-type=\"widget\" data-widget_type=\"text-editor.default\">\n\t\t\t\t<div class=\"elementor-widget-container\">\n\t\t\t\t\t\t\t\t\t<p><a href=\"https:\/\/www.europasur.es\/vivir-el-sur\/India-Tarifa-proyecto-solidario-focalizado_0_1897011849.html\"><img loading=\"lazy\" decoding=\"async\" class=\" wp-image-1923\" src=\"https:\/\/miprimeraletra.com\/wp-content\/uploads\/2025\/02\/EUROPA-SUR-284x300.jpeg\" alt=\"\" width=\"366\" height=\"386\" srcset=\"https:\/\/miprimeraletra.com\/wp-content\/uploads\/2025\/02\/EUROPA-SUR-284x300.jpeg 284w, https:\/\/miprimeraletra.com\/wp-content\/uploads\/2025\/02\/EUROPA-SUR.jpeg 605w\" sizes=\"(max-width: 366px) 100vw, 366px\" \/><\/a><\/p>\t\t\t\t\t\t\t\t<\/div>\n\t\t\t\t<\/div>\n\t\t\t\t<\/div>\n\t\t<div class=\"elementor-element elementor-element-081e1ee e-con-full e-flex e-con e-child\" data-id=\"081e1ee\" data-element_type=\"container\" data-e-type=\"container\">\n\t\t\t\t<div class=\"elementor-element elementor-element-57f524a elementor-widget elementor-widget-text-editor\" data-id=\"57f524a\" data-element_type=\"widget\" data-e-type=\"widget\" data-widget_type=\"text-editor.default\">\n\t\t\t\t<div class=\"elementor-widget-container\">\n\t\t\t\t\t\t\t\t\t<p>https:\/\/ebredigital.cat\/2024\/05\/24\/qualsevol-historia-comenca-per-una-lletra\/<\/p>\t\t\t\t\t\t\t\t<\/div>\n\t\t\t\t<\/div>\n\t\t\t\t<\/div>\n\t\t<div class=\"elementor-element elementor-element-32f074a e-con-full e-flex e-con e-child\" data-id=\"32f074a\" data-element_type=\"container\" data-e-type=\"container\">\n\t\t\t\t<div class=\"elementor-element elementor-element-c5939b1 elementor-widget elementor-widget-video\" data-id=\"c5939b1\" data-element_type=\"widget\" data-e-type=\"widget\" data-settings=\"{&quot;youtube_url&quot;:&quot;https:\\\/\\\/youtu.be\\\/LWYJz7gXYbc&quot;,&quot;video_type&quot;:&quot;youtube&quot;,&quot;controls&quot;:&quot;yes&quot;}\" data-widget_type=\"video.default\">\n\t\t\t\t<div class=\"elementor-widget-container\">\n\t\t\t\t\t\t\t<div class=\"elementor-wrapper elementor-open-inline\">\n\t\t\t<div class=\"elementor-video\"><\/div>\t\t<\/div>\n\t\t\t\t\t\t<\/div>\n\t\t\t\t<\/div>\n\t\t\t\t<\/div>\n\t\t\t\t<\/div>\n\t\t<div class=\"elementor-element elementor-element-927fc72 e-con-full e-flex e-con e-parent\" data-id=\"927fc72\" data-element_type=\"container\" data-e-type=\"container\">\n\t\t<div class=\"elementor-element elementor-element-1cf3d43 e-con-full e-flex e-con e-child\" data-id=\"1cf3d43\" data-element_type=\"container\" data-e-type=\"container\">\n\t\t\t\t<div class=\"elementor-element elementor-element-9835adf elementor-widget elementor-widget-text-editor\" data-id=\"9835adf\" data-element_type=\"widget\" data-e-type=\"widget\" data-widget_type=\"text-editor.default\">\n\t\t\t\t<div class=\"elementor-widget-container\">\n\t\t\t\t\t\t\t\t\t<p><blockquote class=\"wp-embedded-content\" data-secret=\"PhnrI2wUun\"><a href=\"https:\/\/www.imaginaradio.cat\/lamposti-xavi-drago-presenta-el-seu-documental-mi-primera-letra-2\/\">L\u2019ampost\u00ed Xavi Drago presenta el seu documental \u201cMi primera letra\u201d<\/a><\/blockquote><iframe class=\"wp-embedded-content\" sandbox=\"allow-scripts\" security=\"restricted\" style=\"position: absolute; visibility: hidden;\" title=\"&#8220;L\u2019ampost\u00ed Xavi Drago presenta el seu documental \u201cMi primera letra\u201d&#8221; &#8212; Imagina R\u00e0dio\" src=\"https:\/\/www.imaginaradio.cat\/lamposti-xavi-drago-presenta-el-seu-documental-mi-primera-letra-2\/embed\/#?secret=DhOXXAbbpO#?secret=PhnrI2wUun\" data-secret=\"PhnrI2wUun\" width=\"600\" height=\"338\" frameborder=\"0\" marginwidth=\"0\" marginheight=\"0\" scrolling=\"no\"><\/iframe><\/p>\t\t\t\t\t\t\t\t<\/div>\n\t\t\t\t<\/div>\n\t\t\t\t<\/div>\n\t\t<div class=\"elementor-element elementor-element-b0bb286 e-con-full e-flex e-con e-child\" data-id=\"b0bb286\" data-element_type=\"container\" data-e-type=\"container\">\n\t\t\t\t<\/div>\n\t\t<div class=\"elementor-element elementor-element-b3d1902 e-con-full e-flex e-con e-child\" data-id=\"b3d1902\" data-element_type=\"container\" data-e-type=\"container\">\n\t\t\t\t<div class=\"elementor-element elementor-element-99f7128 elementor-widget elementor-widget-text-editor\" data-id=\"99f7128\" data-element_type=\"widget\" data-e-type=\"widget\" data-widget_type=\"text-editor.default\">\n\t\t\t\t<div class=\"elementor-widget-container\">\n\t\t\t\t\t\t\t\t\t<p><blockquote class=\"wp-embedded-content\" data-secret=\"bsmsVR0LfR\"><a href=\"https:\/\/www.vinarosnews.net\/el-21-de-maig-sestrena-el-documental-mi-primera-letra-dirigit-per-lamposti-xavi-drago\/\">El 21 de maig s\u2019estrena el documental \u201cMi Primera Letra\u201d dirigit per l\u2019ampost\u00ed Xavi Drago<\/a><\/blockquote><iframe class=\"wp-embedded-content\" sandbox=\"allow-scripts\" security=\"restricted\" style=\"position: absolute; visibility: hidden;\" title=\"&#8220;El 21 de maig s\u2019estrena el documental \u201cMi Primera Letra\u201d dirigit per l\u2019ampost\u00ed Xavi Drago&#8221; &#8212; Vinar\u00f2s News\" src=\"https:\/\/www.vinarosnews.net\/el-21-de-maig-sestrena-el-documental-mi-primera-letra-dirigit-per-lamposti-xavi-drago\/embed\/#?secret=bsmsVR0LfR\" data-secret=\"bsmsVR0LfR\" width=\"600\" height=\"338\" frameborder=\"0\" marginwidth=\"0\" marginheight=\"0\" scrolling=\"no\"><\/iframe><\/p>\t\t\t\t\t\t\t\t<\/div>\n\t\t\t\t<\/div>\n\t\t\t\t<\/div>\n\t\t<div class=\"elementor-element elementor-element-97a9692 e-con-full e-flex e-con e-child\" data-id=\"97a9692\" data-element_type=\"container\" data-e-type=\"container\">\n\t\t\t\t<div class=\"elementor-element elementor-element-fe5505b elementor-widget elementor-widget-video\" data-id=\"fe5505b\" data-element_type=\"widget\" data-e-type=\"widget\" data-settings=\"{&quot;youtube_url&quot;:&quot;https:\\\/\\\/youtu.be\\\/RQa6TLixiIs&quot;,&quot;video_type&quot;:&quot;youtube&quot;,&quot;controls&quot;:&quot;yes&quot;}\" data-widget_type=\"video.default\">\n\t\t\t\t<div class=\"elementor-widget-container\">\n\t\t\t\t\t\t\t<div class=\"elementor-wrapper elementor-open-inline\">\n\t\t\t<div class=\"elementor-video\"><\/div>\t\t<\/div>\n\t\t\t\t\t\t<\/div>\n\t\t\t\t<\/div>\n\t\t\t\t<\/div>\n\t\t\t\t<\/div>\n\t\t\t\t<\/div>\n\t\t","protected":false},"excerpt":{"rendered":"<p>https:\/\/ciudaddetarifaalminuto.com\/articulo\/destacados-inferior\/lleno-en-el-teatro-alameda-para-el-estreno-del-documental-mi-primera-letra\/ https:\/\/ciudaddetarifaalminuto.com\/articulo\/destacados-inferior\/la-fundacion-made-in-tarifa-presenta-este-sabado-el-documental-mi-primera-letra\/?fbclid=IwZXh0bgNhZW0CMTEAAR0cmEDU2DEcp2oB-XVQuSjpBlBO5LyJkdrhbOxSwWIfdx5xr42LP53hhBk_aem_AeZ-M-sxxx22TvOQgj9JxW_4EICZ3Ye0qX9YJYApkonUa9NkM0Z9fGX30tOY3qoaOrCtamVE6fijyk5ZJXMn5cXk Mi Primera Letra gana el premio a mejor mediometraje en el MADRIFF Festival 2024 La fundaci\u00f3n Made In Tarifa estrena el documental \u00abMi primera letra\u00bb L\u2019ampost\u00ed Xavi Drago presenta el seu documental \u201cMi primera letra\u201d \u00a0 Xavi Drago nominado a mejor director en MADRIFF Festival https:\/\/youtu.be\/Qy280yO2Cm8 https:\/\/ebredigital.cat\/2024\/05\/08\/el-proper-21-de-maig-sestrena-de-forma-oficial-el-documental-mi-primera-letra-dirigit-per-lamposti-xavi-drago-despres-dun-exit-absolut-a-cadis\/ https:\/\/www.youtube.com\/watch?v=iZgZdC8Vl8Y La Fundaci\u00f3n Made in Tarifa &#8230; <a title=\"Divulgaci\u00f3n\" class=\"read-more\" href=\"https:\/\/miprimeraletra.com\/?page_id=1639\" aria-label=\"Leer m\u00e1s sobre Divulgaci\u00f3n\">Leer m\u00e1s<\/a><\/p>\n","protected":false},"author":2,"featured_media":0,"parent":0,"menu_order":0,"comment_status":"closed","ping_status":"closed","template":"elementor_header_footer","meta":{"_glsr_average":0,"_glsr_ranking":0,"_glsr_reviews":0,"footnotes":""},"class_list":["post-1639","page","type-page","status-publish"],"_links":{"self":[{"href":"https:\/\/miprimeraletra.com\/index.php?rest_route=\/wp\/v2\/pages\/1639","targetHints":{"allow":["GET"]}}],"collection":[{"href":"https:\/\/miprimeraletra.com\/index.php?rest_route=\/wp\/v2\/pages"}],"about":[{"href":"https:\/\/miprimeraletra.com\/index.php?rest_route=\/wp\/v2\/types\/page"}],"author":[{"embeddable":true,"href":"https:\/\/miprimeraletra.com\/index.php?rest_route=\/wp\/v2\/users\/2"}],"replies":[{"embeddable":true,"href":"https:\/\/miprimeraletra.com\/index.php?rest_route=%2Fwp%2Fv2%2Fcomments&post=1639"}],"version-history":[{"count":268,"href":"https:\/\/miprimeraletra.com\/index.php?rest_route=\/wp\/v2\/pages\/1639\/revisions"}],"predecessor-version":[{"id":1964,"href":"https:\/\/miprimeraletra.com\/index.php?rest_route=\/wp\/v2\/pages\/1639\/revisions\/1964"}],"wp:attachment":[{"href":"https:\/\/miprimeraletra.com\/index.php?rest_route=%2Fwp%2Fv2%2Fmedia&parent=1639"}],"curies":[{"name":"wp","href":"https:\/\/api.w.org\/{rel}","templated":true}]}}